{"id":4145,"date":"2026-02-24T17:16:13","date_gmt":"2026-02-24T15:16:13","guid":{"rendered":"https:\/\/insectprotect.md\/?post_type=product&#038;p=4145"},"modified":"2026-02-24T17:16:56","modified_gmt":"2026-02-24T15:16:56","slug":"lampi-anti-insecte-light-wall-30-black-rearl","status":"publish","type":"product","link":"https:\/\/insectprotect.md\/ru\/product\/lampi-anti-insecte-light-wall-30-black-rearl\/","title":{"rendered":"\u041b\u0430\u043c\u043f\u044b \u0441 \u0437\u0430\u0449\u0438\u0442\u043e\u0439 \u043e\u0442 \u043d\u0430\u0441\u0435\u043a\u043e\u043c\u044b\u0445 Light Wall 30 Black Pearl"},"content":{"rendered":"<p class=\"p1\">\u041c\u043e\u0434\u0435\u0440\u043d\u0438\u0437\u0438\u0440\u043e\u0432\u0430\u043d\u043d\u043e\u0435 \u0443\u0441\u0442\u0440\u043e\u0439\u0441\u0442\u0432\u043e \u0434\u043b\u044f \u043e\u0442\u043b\u043e\u0432\u0430 \u043b\u0435\u0442\u0430\u044e\u0449\u0438\u0445 \u043d\u0430\u0441\u0435\u043a\u043e\u043c\u044b\u0445. \u041e\u0431\u043d\u043e\u0432\u043b\u0435\u043d\u043d\u0430\u044f \u043a\u043e\u043d\u0441\u0442\u0440\u0443\u043a\u0446\u0438\u044f \u043b\u043e\u0432\u0443\u0448\u043a\u0438 \u043f\u043e\u0437\u0432\u043e\u043b\u044f\u0435\u0442 \u0440\u0430\u0437\u043c\u0435\u0441\u0442\u0438\u0442\u044c \u0443\u0441\u0442\u0440\u043e\u0439\u0441\u0442\u0432\u043e \u0432 \u043b\u044e\u0431\u043e\u043c \u0442\u0438\u043f\u0435 \u043f\u043e\u043c\u0435\u0449\u0435\u043d\u0438\u044f, \u043d\u0435 \u043d\u0430\u0440\u0443\u0448\u0430\u044f \u044d\u0441\u0442\u0435\u0442\u0438\u043a\u0443 \u0438\u043d\u0442\u0435\u0440\u044c\u0435\u0440\u0430. \u042d\u0442\u0430 \u043c\u043e\u0434\u0435\u043b\u044c \u0432\u044b\u043f\u043e\u043b\u043d\u044f\u0435\u0442 \u0441\u0432\u043e\u0438 \u0444\u0443\u043d\u043a\u0446\u0438\u0438 \u0435\u0449\u0435 \u044d\u0444\u0444\u0435\u043a\u0442\u0438\u0432\u043d\u0435\u0435 \u0438 \u043d\u0435 \u0442\u0440\u0435\u0431\u0443\u0435\u0442 \u0441\u043f\u0435\u0446\u0438\u0430\u043b\u044c\u043d\u044b\u0445 \u0437\u043d\u0430\u043d\u0438\u0439 \u0438\u043b\u0438 \u0443\u0441\u0438\u043b\u0438\u0439 \u0434\u043b\u044f \u043e\u0431\u0441\u043b\u0443\u0436\u0438\u0432\u0430\u043d\u0438\u044f. \u0414\u0432\u0435 \u043b\u044e\u043c\u0438\u043d\u0435\u0441\u0446\u0435\u043d\u0442\u043d\u044b\u0435 \u043b\u0430\u043c\u043f\u044b \u043c\u043e\u0449\u043d\u043e\u0441\u0442\u044c\u044e 15 \u0412\u0442 \u0438\u0437\u043b\u0443\u0447\u0430\u044e\u0442 \u0441\u0432\u0435\u0442, \u043a\u043e\u0442\u043e\u0440\u044b\u0439 \u0443\u0441\u0438\u043b\u0438\u0432\u0430\u0435\u0442 \u044d\u0444\u0444\u0435\u043a\u0442\u0438\u0432\u043d\u043e\u0441\u0442\u044c \u043e\u0442\u043b\u043e\u0432\u0430 \u0432\u0440\u0435\u0434\u0438\u0442\u0435\u043b\u0435\u0439.<\/p>\n<p class=\"p1\">\u041f\u043b\u043e\u0449\u0430\u0434\u044c: 90 \u043c\u00b2<\/p>\n<p class=\"p1\">\u0420\u0430\u0437\u043c\u0435\u0440\u044b: 550 x 300 x 150 \u043c\u043c<\/p>\n<p class=\"p1\">\u041c\u043e\u0449\u043d\u043e\u0441\u0442\u044c: 2 x 15 \u0412\u0442<\/p>\n<p class=\"p1\">\u0421\u0442\u0435\u043f\u0435\u043d\u044c \u0437\u0430\u0449\u0438\u0442\u044b: IP 20<\/p>","protected":false},"excerpt":{"rendered":"<p>Dispozitiv modernizat pentru capturarea insectelor zbur\u0103toare. Designul actualizat al capcanei permite amplasarea dispozitivului \u00een orice tip de spa\u021biu, f\u0103r\u0103 a compromite estetic\u0103 interiorului. Acest model \u00ee\u0219i \u00eendepline\u0219te func\u021biile \u0219i mai&hellip;<\/p>","protected":false},"featured_media":4117,"comment_status":"open","ping_status":"closed","template":"","meta":{"om_disable_all_campaigns":false,"_monsterinsights_skip_tracking":false,"_monsterinsights_sitenote_active":false,"_monsterinsights_sitenote_note":"","_monsterinsights_sitenote_category":0},"product_brand":[],"product_cat":[92],"product_tag":[],"class_list":{"0":"post-4145","1":"product","2":"type-product","3":"status-publish","4":"has-post-thumbnail","6":"product_cat-lampi-anti-insecte","8":"first","9":"instock","10":"shipping-taxable","11":"purchasable","12":"product-type-simple"},"aioseo_notices":[],"_links":{"self":[{"href":"https:\/\/insectprotect.md\/ru\/wp-json\/wp\/v2\/product\/4145","targetHints":{"allow":["GET"]}}],"collection":[{"href":"https:\/\/insectprotect.md\/ru\/wp-json\/wp\/v2\/product"}],"about":[{"href":"https:\/\/insectprotect.md\/ru\/wp-json\/wp\/v2\/types\/product"}],"replies":[{"embeddable":true,"href":"https:\/\/insectprotect.md\/ru\/wp-json\/wp\/v2\/comments?post=4145"}],"version-history":[{"count":1,"href":"https:\/\/insectprotect.md\/ru\/wp-json\/wp\/v2\/product\/4145\/revisions"}],"predecessor-version":[{"id":4146,"href":"https:\/\/insectprotect.md\/ru\/wp-json\/wp\/v2\/product\/4145\/revisions\/4146"}],"wp:featuredmedia":[{"embeddable":true,"href":"https:\/\/insectprotect.md\/ru\/wp-json\/wp\/v2\/media\/4117"}],"wp:attachment":[{"href":"https:\/\/insectprotect.md\/ru\/wp-json\/wp\/v2\/media?parent=4145"}],"wp:term":[{"taxonomy":"product_brand","embeddable":true,"href":"https:\/\/insectprotect.md\/ru\/wp-json\/wp\/v2\/product_brand?post=4145"},{"taxonomy":"product_cat","embeddable":true,"href":"https:\/\/insectprotect.md\/ru\/wp-json\/wp\/v2\/product_cat?post=4145"},{"taxonomy":"product_tag","embeddable":true,"href":"https:\/\/insectprotect.md\/ru\/wp-json\/wp\/v2\/product_tag?post=4145"}],"curies":[{"name":"wp","href":"https:\/\/api.w.org\/{rel}","templated":true}]}}