{"id":4143,"date":"2026-02-24T17:14:24","date_gmt":"2026-02-24T15:14:24","guid":{"rendered":"https:\/\/insectprotect.md\/?post_type=product&#038;p=4143"},"modified":"2026-02-24T17:15:16","modified_gmt":"2026-02-24T15:15:16","slug":"lampi-anti-insecte-light-moonlight-white-black","status":"publish","type":"product","link":"https:\/\/insectprotect.md\/ru\/product\/lampi-anti-insecte-light-moonlight-white-black\/","title":{"rendered":"\u041b\u0430\u043c\u043f\u044b \u043e\u0442 \u043d\u0430\u0441\u0435\u043a\u043e\u043c\u044b\u0445, \u043b\u0443\u043d\u043d\u044b\u0439 \u0441\u0432\u0435\u0442, \u0431\u0435\u043b\u044b\u0439\/\u0447\u0435\u0440\u043d\u044b\u0439"},"content":{"rendered":"<p class=\"p1\">\u0423\u0441\u0442\u0440\u043e\u0439\u0441\u0442\u0432\u043e Light Moonlight \u2014 \u044d\u0442\u043e \u043d\u0435 \u043f\u0440\u043e\u0441\u0442\u043e \u0438\u043d\u0441\u0435\u043a\u0442\u0438\u0446\u0438\u0434, \u044d\u0442\u043e \u0441\u043e\u0432\u0435\u0440\u0448\u0435\u043d\u043d\u043e\u0435 \u0440\u0435\u0448\u0435\u043d\u0438\u0435 \u0434\u043b\u044f \u0431\u043e\u0440\u044c\u0431\u044b \u0441 \u043b\u0435\u0442\u0430\u044e\u0449\u0438\u043c\u0438 \u043d\u0430\u0441\u0435\u043a\u043e\u043c\u044b\u043c\u0438 \u0432 \u043b\u044e\u0431\u043e\u043c \u043f\u043e\u043c\u0435\u0449\u0435\u043d\u0438\u0438. \u0415\u0433\u043e \u044d\u043b\u0435\u0433\u0430\u043d\u0442\u043d\u044b\u0439 \u0438 \u0441\u043e\u0432\u0440\u0435\u043c\u0435\u043d\u043d\u044b\u0439 \u0434\u0438\u0437\u0430\u0439\u043d \u0433\u0430\u0440\u043c\u043e\u043d\u0438\u0447\u043d\u043e \u0432\u043f\u0438\u0448\u0435\u0442\u0441\u044f \u0432 \u043b\u044e\u0431\u043e\u0439 \u0438\u043d\u0442\u0435\u0440\u044c\u0435\u0440 \u2014 \u043e\u0442 \u0440\u0435\u0441\u0442\u043e\u0440\u0430\u043d\u043e\u0432 \u0438 \u043e\u0442\u0435\u043b\u0435\u0439 \u0434\u043e \u043e\u0444\u0438\u0441\u043e\u0432, \u043c\u0430\u0433\u0430\u0437\u0438\u043d\u043e\u0432 \u0438 \u043f\u0440\u043e\u0438\u0437\u0432\u043e\u0434\u0441\u0442\u0432\u0435\u043d\u043d\u044b\u0445 \u043f\u043e\u043c\u0435\u0449\u0435\u043d\u0438\u0439. \u041d\u0430\u0434\u0435\u0436\u043d\u0430\u044f \u0431\u043e\u0440\u044c\u0431\u0430 \u0441 \u043d\u0430\u0441\u0435\u043a\u043e\u043c\u044b\u043c\u0438 \u0431\u0435\u0437 \u043b\u0438\u0448\u043d\u0438\u0445 \u0434\u0435\u0442\u0430\u043b\u0435\u0439. \u0423\u0441\u0442\u0440\u043e\u0439\u0441\u0442\u0432\u043e \u043e\u0441\u043d\u0430\u0449\u0435\u043d\u043e \u043c\u043e\u0449\u043d\u043e\u0439 \u043b\u044e\u043c\u0438\u043d\u0435\u0441\u0446\u0435\u043d\u0442\u043d\u043e\u0439 \u043b\u0430\u043c\u043f\u043e\u0439 \u043c\u043e\u0449\u043d\u043e\u0441\u0442\u044c\u044e 18 \u0412\u0442, \u043a\u043e\u0442\u043e\u0440\u0430\u044f \u043f\u0440\u0438\u0432\u043b\u0435\u043a\u0430\u0435\u0442 \u043c\u0443\u0445, \u043a\u043e\u043c\u0430\u0440\u043e\u0432, \u043c\u043e\u043b\u044c \u0438 \u0434\u0440\u0443\u0433\u0438\u0445 \u043b\u0435\u0442\u0430\u044e\u0449\u0438\u0445 \u0432\u0440\u0435\u0434\u0438\u0442\u0435\u043b\u0435\u0439.<\/p>\n<p class=\"p1\">\u041f\u043b\u043e\u0449\u0430\u0434\u044c: 80 \u043c\u00b2<\/p>\n<p class=\"p1\">\u0420\u0430\u0437\u043c\u0435\u0440\u044b: 300 x 290 x 450 \u043c\u043c (\u043f\u0440\u0438\u0431\u043b\u0438\u0437\u0438\u0442\u0435\u043b\u044c\u043d\u043e)<\/p>\n<p class=\"p1\">\u041c\u043e\u0449\u043d\u043e\u0441\u0442\u044c: 1 x 18 \u0412\u0442<\/p>\n<p class=\"p1\">\u0421\u0442\u0435\u043f\u0435\u043d\u044c \u0437\u0430\u0449\u0438\u0442\u044b: IP20<\/p>","protected":false},"excerpt":{"rendered":"<p>Light Moonlight nu este doar un dispozitiv insecticid,esteo solu\u021bie sofisticat\u0103 pentru combaterea insectelor zbur\u0103toare \u00een orice tip de spa\u021biu. Designul s\u0103u elegant \u0219i modern se integreaz\u0103 armonios \u00een orice interior&hellip;<\/p>","protected":false},"featured_media":4118,"comment_status":"open","ping_status":"closed","template":"","meta":{"om_disable_all_campaigns":false,"_monsterinsights_skip_tracking":false,"_monsterinsights_sitenote_active":false,"_monsterinsights_sitenote_note":"","_monsterinsights_sitenote_category":0},"product_brand":[],"product_cat":[92],"product_tag":[],"class_list":{"0":"post-4143","1":"product","2":"type-product","3":"status-publish","4":"has-post-thumbnail","6":"product_cat-lampi-anti-insecte","8":"first","9":"instock","10":"shipping-taxable","11":"purchasable","12":"product-type-simple"},"aioseo_notices":[],"_links":{"self":[{"href":"https:\/\/insectprotect.md\/ru\/wp-json\/wp\/v2\/product\/4143","targetHints":{"allow":["GET"]}}],"collection":[{"href":"https:\/\/insectprotect.md\/ru\/wp-json\/wp\/v2\/product"}],"about":[{"href":"https:\/\/insectprotect.md\/ru\/wp-json\/wp\/v2\/types\/product"}],"replies":[{"embeddable":true,"href":"https:\/\/insectprotect.md\/ru\/wp-json\/wp\/v2\/comments?post=4143"}],"version-history":[{"count":1,"href":"https:\/\/insectprotect.md\/ru\/wp-json\/wp\/v2\/product\/4143\/revisions"}],"predecessor-version":[{"id":4144,"href":"https:\/\/insectprotect.md\/ru\/wp-json\/wp\/v2\/product\/4143\/revisions\/4144"}],"wp:featuredmedia":[{"embeddable":true,"href":"https:\/\/insectprotect.md\/ru\/wp-json\/wp\/v2\/media\/4118"}],"wp:attachment":[{"href":"https:\/\/insectprotect.md\/ru\/wp-json\/wp\/v2\/media?parent=4143"}],"wp:term":[{"taxonomy":"product_brand","embeddable":true,"href":"https:\/\/insectprotect.md\/ru\/wp-json\/wp\/v2\/product_brand?post=4143"},{"taxonomy":"product_cat","embeddable":true,"href":"https:\/\/insectprotect.md\/ru\/wp-json\/wp\/v2\/product_cat?post=4143"},{"taxonomy":"product_tag","embeddable":true,"href":"https:\/\/insectprotect.md\/ru\/wp-json\/wp\/v2\/product_tag?post=4143"}],"curies":[{"name":"wp","href":"https:\/\/api.w.org\/{rel}","templated":true}]}}