{"id":2221,"date":"2024-10-15T00:10:39","date_gmt":"2024-10-14T21:10:39","guid":{"rendered":"https:\/\/insectprotect.md\/?post_type=product&#038;p=2221"},"modified":"2024-10-16T17:10:23","modified_gmt":"2024-10-16T14:10:23","slug":"capcana-adeziva-insecte-trap","status":"publish","type":"product","link":"https:\/\/insectprotect.md\/ru\/product\/capcana-adeziva-insecte-trap\/","title":{"rendered":"\u041a\u043b\u0435\u0439\u043a\u0430\u044f \u043b\u043e\u0432\u0443\u0448\u043a\u0430 \u0434\u043b\u044f \u043d\u0430\u0441\u0435\u043a\u043e\u043c\u044b\u0445 \u041b\u043e\u0432\u0443\u0448\u043a\u0430"},"content":{"rendered":"<p>\u041b\u043e\u0432\u0443\u0448\u043a\u0430 \u0434\u043b\u044f \u043c\u043e\u043d\u0438\u0442\u043e\u0440\u0438\u043d\u0433\u0430 \u0442\u0430\u0440\u0430\u043a\u0430\u043d\u043e\u0432 \u0438 \u043f\u043e\u043b\u0437\u0430\u044e\u0449\u0438\u0445 \u043d\u0430\u0441\u0435\u043a\u043e\u043c\u044b\u0445. \u0421 \u043f\u0440\u0438\u0432\u043b\u0435\u043a\u0430\u0442\u0435\u043b\u044c\u043d\u043e\u0439 \u043d\u0430\u043a\u043b\u0435\u0439\u043a\u043e\u0439.<\/p>\n<p>\u0423\u043f\u0430\u043a\u043e\u0432\u043a\u0430: 1 \u0448\u0442.<br \/>\n\u0421\u043f\u043e\u0441\u043e\u0431 \u043f\u0440\u0438\u043c\u0435\u043d\u0435\u043d\u0438\u044f: \u0421\u043e\u0431\u0435\u0440\u0438\u0442\u0435 \u043a\u0430\u0440\u0442\u043e\u043d\u043d\u0443\u044e \u043b\u043e\u0432\u0443\u0448\u043a\u0443 \u0438 \u043f\u043e\u043c\u0435\u0441\u0442\u0438\u0442\u0435 \u0435\u0435 \u0432 \u043c\u0435\u0441\u0442\u0430\u0445, \u0433\u0434\u0435 \u043d\u0430\u0431\u043b\u044e\u0434\u0430\u0435\u0442\u0441\u044f \u0437\u0430\u0440\u0430\u0436\u0435\u043d\u0438\u0435 \u0442\u0430\u0440\u0430\u043a\u0430\u043d\u0430\u043c\u0438, \u043e\u0441\u043e\u0431\u0435\u043d\u043d\u043e \u0432 \u0442\u0435\u043c\u043d\u044b\u0445 \u0438 \u0432\u043b\u0430\u0436\u043d\u044b\u0445 \u043f\u043e\u043c\u0435\u0449\u0435\u043d\u0438\u044f\u0445 \u0438\u043b\u0438 \u043c\u0435\u0441\u0442\u0430\u0445 \u0441 \u043e\u0441\u0442\u0430\u0442\u043a\u0430\u043c\u0438 \u043f\u0438\u0449\u0438.<\/p>","protected":false},"excerpt":{"rendered":"<p>Capcan\u0103 de monitorizare pentru g\u00e2ndaci \u0219i insecte t\u00e2r\u00e2toare. Cu atractiv pe lipici. Ambalaj: 1 buc Mod de utilizare: Se asambleaz\u0103 capcana de carton \u0219i se amplaseaz\u0103 \u00een zona unde se&hellip;<\/p>","protected":false},"featured_media":2298,"comment_status":"open","ping_status":"closed","template":"","meta":{"om_disable_all_campaigns":false,"_monsterinsights_skip_tracking":false,"_monsterinsights_sitenote_active":false,"_monsterinsights_sitenote_note":"","_monsterinsights_sitenote_category":0},"product_brand":[],"product_cat":[76,63,60],"product_tag":[],"class_list":{"0":"post-2221","1":"product","2":"type-product","3":"status-publish","4":"has-post-thumbnail","6":"product_cat-daunatori","7":"product_cat-gindaci","8":"product_cat-insecte","10":"first","11":"instock","12":"shipping-taxable","13":"purchasable","14":"product-type-simple"},"aioseo_notices":[],"_links":{"self":[{"href":"https:\/\/insectprotect.md\/ru\/wp-json\/wp\/v2\/product\/2221","targetHints":{"allow":["GET"]}}],"collection":[{"href":"https:\/\/insectprotect.md\/ru\/wp-json\/wp\/v2\/product"}],"about":[{"href":"https:\/\/insectprotect.md\/ru\/wp-json\/wp\/v2\/types\/product"}],"replies":[{"embeddable":true,"href":"https:\/\/insectprotect.md\/ru\/wp-json\/wp\/v2\/comments?post=2221"}],"version-history":[{"count":1,"href":"https:\/\/insectprotect.md\/ru\/wp-json\/wp\/v2\/product\/2221\/revisions"}],"predecessor-version":[{"id":2222,"href":"https:\/\/insectprotect.md\/ru\/wp-json\/wp\/v2\/product\/2221\/revisions\/2222"}],"wp:featuredmedia":[{"embeddable":true,"href":"https:\/\/insectprotect.md\/ru\/wp-json\/wp\/v2\/media\/2298"}],"wp:attachment":[{"href":"https:\/\/insectprotect.md\/ru\/wp-json\/wp\/v2\/media?parent=2221"}],"wp:term":[{"taxonomy":"product_brand","embeddable":true,"href":"https:\/\/insectprotect.md\/ru\/wp-json\/wp\/v2\/product_brand?post=2221"},{"taxonomy":"product_cat","embeddable":true,"href":"https:\/\/insectprotect.md\/ru\/wp-json\/wp\/v2\/product_cat?post=2221"},{"taxonomy":"product_tag","embeddable":true,"href":"https:\/\/insectprotect.md\/ru\/wp-json\/wp\/v2\/product_tag?post=2221"}],"curies":[{"name":"wp","href":"https:\/\/api.w.org\/{rel}","templated":true}]}}