{"id":2218,"date":"2024-10-15T00:07:14","date_gmt":"2024-10-14T21:07:14","guid":{"rendered":"https:\/\/insectprotect.md\/?post_type=product&#038;p=2218"},"modified":"2026-02-19T10:49:34","modified_gmt":"2026-02-19T08:49:34","slug":"ratimor-capcana-adeziva-cu-lipici-pentru-rozatoare-cu-aroma-de-alune","status":"publish","type":"product","link":"https:\/\/insectprotect.md\/ru\/product\/ratimor-capcana-adeziva-cu-lipici-pentru-rozatoare-cu-aroma-de-alune\/","title":{"rendered":"\u041a\u043b\u0435\u0435\u0432\u0430\u044f \u043b\u043e\u0432\u0443\u0448\u043a\u0430 \u0420\u0430\u0442\u0438\u043c\u043e\u0440 \u0441 \u043a\u043b\u0435\u0435\u043c \u0434\u043b\u044f \u0433\u0440\u044b\u0437\u0443\u043d\u043e\u0432 \u0441\u043e \u0432\u043a\u0443\u0441\u043e\u043c \u0444\u0443\u043d\u0434\u0443\u043a\u0430"},"content":{"rendered":"<p>\u041a\u043b\u0435\u0435\u0432\u044b\u0435 \u0434\u043e\u0441\u043a\u0438 \u043e\u0442 \u043c\u044b\u0448\u0435\u0439, \u043a\u0440\u044b\u0441 \u0438 \u043f\u043e\u043b\u0437\u0430\u044e\u0449\u0438\u0445 \u043d\u0430\u0441\u0435\u043a\u043e\u043c\u044b\u0445;<br \/>\n\u0421 \u043f\u043b\u0430\u0441\u0442\u0438\u043a\u043e\u0432\u043e\u0439 \u043e\u0441\u043d\u043e\u0432\u043e\u0439;<br \/>\n\u041f\u0440\u0438\u0432\u043b\u0435\u043a\u0430\u0442\u0435\u043b\u044c\u043d\u044b\u0439 \u043a\u043b\u0435\u0439;<br \/>\n\u041f\u0440\u043e\u0434\u0430\u044e\u0442\u0441\u044f \u043f\u0430\u0440\u0430\u043c\u0438;<\/p>\n<p>\u0423\u043f\u0430\u043a\u043e\u0432\u043a\u0430: 1 \u0448\u0442.<br \/>\n\u041a\u0430\u043a \u0438\u0441\u043f\u043e\u043b\u044c\u0437\u043e\u0432\u0430\u0442\u044c: \u0423\u0431\u0435\u0434\u0438\u0442\u0435\u0441\u044c, \u0447\u0442\u043e \u0432\u0445\u043e\u0434\u043d\u044b\u0435 \u043e\u0442\u0432\u0435\u0440\u0441\u0442\u0438\u044f \u0441\u0442\u0430\u043d\u0446\u0438\u0438 \u043d\u0435 \u0437\u0430\u043a\u0440\u044b\u0442\u044b;<\/p>","protected":false},"excerpt":{"rendered":"<p>Pl\u0103ci de lipire pentru \u0219oareci, \u0219obolani \u0219i insecte t\u00e2r\u00e2toare; Cu baza din plastic; Lipici cu atractiv; Se vinde \u00een perechi; Ambalaj: 1 buc Mod de utilizare: Verifica\u021bi ca g\u0103urile de&hellip;<\/p>","protected":false},"featured_media":2297,"comment_status":"open","ping_status":"closed","template":"","meta":{"om_disable_all_campaigns":false,"_monsterinsights_skip_tracking":false,"_monsterinsights_sitenote_active":false,"_monsterinsights_sitenote_note":"","_monsterinsights_sitenote_category":0},"product_brand":[],"product_cat":[76,59],"product_tag":[],"class_list":{"0":"post-2218","1":"product","2":"type-product","3":"status-publish","4":"has-post-thumbnail","6":"product_cat-daunatori","7":"product_cat-soareci-si-sobolani","9":"first","10":"instock","11":"shipping-taxable","12":"purchasable","13":"product-type-simple"},"aioseo_notices":[],"_links":{"self":[{"href":"https:\/\/insectprotect.md\/ru\/wp-json\/wp\/v2\/product\/2218","targetHints":{"allow":["GET"]}}],"collection":[{"href":"https:\/\/insectprotect.md\/ru\/wp-json\/wp\/v2\/product"}],"about":[{"href":"https:\/\/insectprotect.md\/ru\/wp-json\/wp\/v2\/types\/product"}],"replies":[{"embeddable":true,"href":"https:\/\/insectprotect.md\/ru\/wp-json\/wp\/v2\/comments?post=2218"}],"version-history":[{"count":1,"href":"https:\/\/insectprotect.md\/ru\/wp-json\/wp\/v2\/product\/2218\/revisions"}],"predecessor-version":[{"id":2219,"href":"https:\/\/insectprotect.md\/ru\/wp-json\/wp\/v2\/product\/2218\/revisions\/2219"}],"wp:featuredmedia":[{"embeddable":true,"href":"https:\/\/insectprotect.md\/ru\/wp-json\/wp\/v2\/media\/2297"}],"wp:attachment":[{"href":"https:\/\/insectprotect.md\/ru\/wp-json\/wp\/v2\/media?parent=2218"}],"wp:term":[{"taxonomy":"product_brand","embeddable":true,"href":"https:\/\/insectprotect.md\/ru\/wp-json\/wp\/v2\/product_brand?post=2218"},{"taxonomy":"product_cat","embeddable":true,"href":"https:\/\/insectprotect.md\/ru\/wp-json\/wp\/v2\/product_cat?post=2218"},{"taxonomy":"product_tag","embeddable":true,"href":"https:\/\/insectprotect.md\/ru\/wp-json\/wp\/v2\/product_tag?post=2218"}],"curies":[{"name":"wp","href":"https:\/\/api.w.org\/{rel}","templated":true}]}}