{"id":2199,"date":"2024-10-14T23:56:04","date_gmt":"2024-10-14T20:56:04","guid":{"rendered":"https:\/\/insectprotect.md\/?post_type=product&#038;p=2199"},"modified":"2024-10-16T17:06:50","modified_gmt":"2024-10-16T14:06:50","slug":"ratimor-pernute-cu-pasta-proaspata-brodifacoum-005gr-kg","status":"publish","type":"product","link":"https:\/\/insectprotect.md\/ru\/product\/ratimor-pernute-cu-pasta-proaspata-brodifacoum-005gr-kg\/","title":{"rendered":"\u041f\u043e\u0434\u0443\u0448\u043a\u0438 \u0420\u0430\u0442\u0438\u043c\u043e\u0440 \u0441\u043e \u0441\u0432\u0435\u0436\u0435\u0439 \u043f\u0430\u0441\u0442\u043e\u0439 \u0431\u0440\u043e\u0434\u0438\u0444\u0430\u043a\u0443\u043c 0,05\u0433\u0440\/\u043a\u0433"},"content":{"rendered":"<p>\u041f\u0430\u0441\u0442\u043e\u043e\u0431\u0440\u0430\u0437\u043d\u0430\u044f \u043f\u0440\u0438\u043c\u0430\u043d\u043a\u0430 \u043e\u043a\u0430\u0437\u0430\u043b\u0430\u0441\u044c \u043d\u0430\u0438\u0431\u043e\u043b\u0435\u0435 \u044d\u0444\u0444\u0435\u043a\u0442\u0438\u0432\u043d\u044b\u043c \u043c\u0435\u0442\u043e\u0434\u043e\u043c \u0443\u043d\u0438\u0447\u0442\u043e\u0436\u0435\u043d\u0438\u044f \u0433\u0440\u044b\u0437\u0443\u043d\u043e\u0432 \u0431\u043b\u0430\u0433\u043e\u0434\u0430\u0440\u044f \u0441\u0432\u043e\u0435\u043c\u0443 \u0430\u043f\u043f\u0435\u0442\u0438\u0442\u043d\u043e\u043c\u0443 \u0434\u043b\u044f \u0433\u0440\u044b\u0437\u0443\u043d\u043e\u0432 \u0437\u0430\u043f\u0430\u0445\u0443 \u0438 \u0432\u043a\u0443\u0441\u0443. \u0421\u0432\u0435\u0436\u0430\u044f \u043f\u0430\u0441\u0442\u0430 \u00ab\u0420\u0430\u0442\u0438\u043c\u043e\u0440\u00bb \u0438\u0434\u0435\u0430\u043b\u044c\u043d\u043e \u043f\u043e\u0434\u0445\u043e\u0434\u0438\u0442 \u0434\u043b\u044f \u0438\u0441\u043f\u043e\u043b\u044c\u0437\u043e\u0432\u0430\u043d\u0438\u044f \u043d\u0430 \u0441\u0442\u0430\u043d\u0446\u0438\u044f\u0445 \u043e\u0442\u0440\u0430\u0432\u043b\u0435\u043d\u0438\u044f \u0433\u0440\u044b\u0437\u0443\u043d\u043e\u0432 \u00ab\u041a\u043e\u0440\u0430\u043b\u00bb \u0438 \u00ab\u041f\u0438\u043b\u043e\u0442\u00bb.<\/p>\n<p>\u041f\u0440\u043e\u0438\u0437\u0432\u043e\u0434\u0438\u0442\u0435\u043b\u044c: Unichem doo \u0421\u043b\u043e\u0432\u0435\u043d\u0438\u044f<br \/>\n\u0423\u043f\u0430\u043a\u043e\u0432\u043a\u0430: 10 \u043a\u0433 (1 \u0448\u0442\/\u043a\u043e\u0442\u0435\u043b)<br \/>\n\u0421\u043a\u043e\u0440\u043e\u0441\u0442\u044c \u0438\u0441\u043f\u043e\u043b\u044c\u0437\u043e\u0432\u0430\u043d\u0438\u044f: 1-4 \u0433\/\u043c<sup>2<\/sup><br \/>\n\u041a\u0430\u043a \u0438\u0441\u043f\u043e\u043b\u044c\u0437\u043e\u0432\u0430\u0442\u044c:<\/p>\n<p><strong>\u0414\u043e\u043c\u043e\u0432\u0430\u044f \u043c\u044b\u0448\u044c (Mus musculus) \u0438 \u0431\u0443\u0440\u0430\u044f \u043a\u0440\u044b\u0441\u0430 (Rattus norvegicus):<br \/>\n<\/strong><\/p>\n<ul>\n<li>\u0417\u0430\u0440\u0430\u0436\u0435\u043d\u0438\u0435 \u043c\u044b\u0448\u0430\u043c\u0438:\n<ul>\n<li>\u041b\u0435\u0433\u043a\u043e\u0435 \u0437\u0430\u0440\u0430\u0436\u0435\u043d\u0438\u0435 \u2013 \u043e\u0442 10 \u0434\u043e 40 \u0433 \u043f\u0440\u0438\u043c\u0430\u043d\u043a\u0438 \u043d\u0430 \u0441\u0442\u0430\u043d\u0446\u0438\u044f\u0445 \u043e\u0442\u0440\u0430\u0432\u043b\u0435\u043d\u0438\u044f \u0438\u043b\u0438 \u0432 \u0437\u0430\u043a\u0440\u044b\u0442\u044b\u0445 \u0442\u043e\u0447\u043a\u0430\u0445 \u043f\u0440\u0438\u043c\u0430\u043d\u043a\u0438 \u043a\u0430\u0436\u0434\u044b\u0435 5 \u043c\u0435\u0442\u0440\u043e\u0432.<\/li>\n<li>\u0421\u0438\u043b\u044c\u043d\u043e\u0435 \u0437\u0430\u0440\u0430\u0436\u0435\u043d\u0438\u0435 \u2013 \u043e\u0442 10 \u0434\u043e 40 \u0433 \u043f\u0440\u0438\u043c\u0430\u043d\u043a\u0438 \u043d\u0430 \u0441\u0442\u0430\u043d\u0446\u0438\u044f\u0445 \u043e\u0442\u0440\u0430\u0432\u043b\u0435\u043d\u0438\u044f \u0438\u043b\u0438 \u0432 \u0437\u0430\u043a\u0440\u044b\u0442\u044b\u0445 \u0442\u043e\u0447\u043a\u0430\u0445 \u043f\u0440\u0438\u043c\u0430\u043d\u043a\u0438 \u043a\u0430\u0436\u0434\u044b\u0435 2 \u043c\u0435\u0442\u0440\u0430.<\/li>\n<\/ul>\n<\/li>\n<li>\u0417\u0430\u0440\u0430\u0436\u0435\u043d\u0438\u0435 \u043a\u0440\u044b\u0441\u0430\u043c\u0438:\n<ul>\n<li>\u041b\u0435\u0433\u043a\u043e\u0435 \u0437\u0430\u0440\u0430\u0436\u0435\u043d\u0438\u0435 \u2013 \u043e\u0442 20 \u0434\u043e 200 \u0433 \u043f\u0440\u0438\u043c\u0430\u043d\u043a\u0438 \u043d\u0430 \u0441\u0442\u0430\u043d\u0446\u0438\u044f\u0445 \u043e\u0442\u0440\u0430\u0432\u043b\u0435\u043d\u0438\u044f \u0438\u043b\u0438 \u0432 \u0437\u0430\u043a\u0440\u044b\u0442\u044b\u0445 \u0442\u043e\u0447\u043a\u0430\u0445 \u043f\u0440\u0438\u043c\u0430\u043d\u043a\u0438 \u043a\u0430\u0436\u0434\u044b\u0435 10 \u043c\u0435\u0442\u0440\u043e\u0432.<\/li>\n<li>\u0421\u0438\u043b\u044c\u043d\u043e\u0435 \u0437\u0430\u0440\u0430\u0436\u0435\u043d\u0438\u0435 \u2013 \u043e\u0442 20 \u0434\u043e 200 \u0433 \u043f\u0440\u0438\u043c\u0430\u043d\u043a\u0438 \u043d\u0430 \u0441\u0442\u0430\u043d\u0446\u0438\u044f\u0445 \u043e\u0442\u0440\u0430\u0432\u043b\u0435\u043d\u0438\u044f \u0438\u043b\u0438 \u0432 \u0437\u0430\u043a\u0440\u044b\u0442\u044b\u0445 \u0442\u043e\u0447\u043a\u0430\u0445 \u043f\u0440\u0438\u043c\u0430\u043d\u043a\u0438 \u043a\u0430\u0436\u0434\u044b\u0435 5 \u043c\u0435\u0442\u0440\u043e\u0432.<\/li>\n<\/ul>\n<\/li>\n<\/ul>\n<p>\u041f\u043e\u0432\u0442\u043e\u0440\u043d\u0430\u044f \u043f\u0440\u0438\u043c\u0430\u043d\u043a\u0430 \u043f\u0440\u0438 \u043d\u0435\u043e\u0431\u0445\u043e\u0434\u0438\u043c\u043e\u0441\u0442\u0438.<\/p>","protected":false},"excerpt":{"rendered":"<p>Momeala de tip past\u0103 s-a dovedit a fi cea mai eficient\u0103 metod\u0103 de eliminare e roz\u0103toarelor, datorit\u0103 mirosului \u0219i al gustului apetisant pentru roz\u0103toare. Ratimor past\u0103 proasp\u0103t\u0103 este ideal de&hellip;<\/p>","protected":false},"featured_media":2291,"comment_status":"open","ping_status":"closed","template":"","meta":{"om_disable_all_campaigns":false,"_monsterinsights_skip_tracking":false,"_monsterinsights_sitenote_active":false,"_monsterinsights_sitenote_note":"","_monsterinsights_sitenote_category":0},"product_brand":[],"product_cat":[76,59],"product_tag":[],"class_list":{"0":"post-2199","1":"product","2":"type-product","3":"status-publish","4":"has-post-thumbnail","6":"product_cat-daunatori","7":"product_cat-soareci-si-sobolani","9":"first","10":"instock","11":"shipping-taxable","12":"purchasable","13":"product-type-simple"},"aioseo_notices":[],"_links":{"self":[{"href":"https:\/\/insectprotect.md\/ru\/wp-json\/wp\/v2\/product\/2199","targetHints":{"allow":["GET"]}}],"collection":[{"href":"https:\/\/insectprotect.md\/ru\/wp-json\/wp\/v2\/product"}],"about":[{"href":"https:\/\/insectprotect.md\/ru\/wp-json\/wp\/v2\/types\/product"}],"replies":[{"embeddable":true,"href":"https:\/\/insectprotect.md\/ru\/wp-json\/wp\/v2\/comments?post=2199"}],"version-history":[{"count":1,"href":"https:\/\/insectprotect.md\/ru\/wp-json\/wp\/v2\/product\/2199\/revisions"}],"predecessor-version":[{"id":2200,"href":"https:\/\/insectprotect.md\/ru\/wp-json\/wp\/v2\/product\/2199\/revisions\/2200"}],"wp:featuredmedia":[{"embeddable":true,"href":"https:\/\/insectprotect.md\/ru\/wp-json\/wp\/v2\/media\/2291"}],"wp:attachment":[{"href":"https:\/\/insectprotect.md\/ru\/wp-json\/wp\/v2\/media?parent=2199"}],"wp:term":[{"taxonomy":"product_brand","embeddable":true,"href":"https:\/\/insectprotect.md\/ru\/wp-json\/wp\/v2\/product_brand?post=2199"},{"taxonomy":"product_cat","embeddable":true,"href":"https:\/\/insectprotect.md\/ru\/wp-json\/wp\/v2\/product_cat?post=2199"},{"taxonomy":"product_tag","embeddable":true,"href":"https:\/\/insectprotect.md\/ru\/wp-json\/wp\/v2\/product_tag?post=2199"}],"curies":[{"name":"wp","href":"https:\/\/api.w.org\/{rel}","templated":true}]}}