{"id":2189,"date":"2024-10-14T23:37:46","date_gmt":"2024-10-14T20:37:46","guid":{"rendered":"https:\/\/insectprotect.md\/?post_type=product&#038;p=2189"},"modified":"2024-10-16T17:04:26","modified_gmt":"2024-10-16T14:04:26","slug":"glodacid-plus-blocuri-de-parafina-brodifacoum-00029gr-kg","status":"publish","type":"product","link":"https:\/\/insectprotect.md\/ru\/product\/glodacid-plus-blocuri-de-parafina-brodifacoum-00029gr-kg\/","title":{"rendered":"\u0413\u043b\u043e\u0434\u0430\u0446\u0438\u0434 \u043f\u043b\u044e\u0441 \u0431\u0440\u043e\u0434\u0438\u0444\u0430\u043a\u0443\u043c \u043f\u0430\u0440\u0430\u0444\u0438\u043d\u043e\u0432\u044b\u0435 \u0431\u043b\u043e\u043a\u0438 0,0029 \u0433\/\u043a\u0433"},"content":{"rendered":"<p>\u041f\u0430\u0440\u0430\u0444\u0438\u043d Glodacid Plus \u0431\u043b\u043e\u043a\u0438\u0440\u0443\u0435\u0442 \u044d\u0444\u0444\u0435\u043a\u0442\u0438\u0432\u043d\u044b\u0439 \u0440\u043e\u0434\u0435\u043d\u0442\u0438\u0446\u0438\u0434 \u0441 \u0448\u0438\u0440\u043e\u0447\u0430\u0439\u0448\u0438\u043c \u0441\u043f\u0435\u043a\u0442\u0440\u043e\u043c \u043f\u0440\u0438\u043c\u0435\u043d\u0435\u043d\u0438\u044f, \u044d\u0444\u0444\u0435\u043a\u0442\u0438\u0432\u043d\u044b\u0439 \u0442\u0430\u043a\u0436\u0435 \u0432\u043e \u0432\u043b\u0430\u0436\u043d\u044b\u0445 \u043f\u043e\u043c\u0435\u0449\u0435\u043d\u0438\u044f\u0445. \u041f\u043e\u0434\u0445\u043e\u0434\u0438\u0442 \u0434\u043b\u044f \u0438\u0441\u043f\u043e\u043b\u044c\u0437\u043e\u0432\u0430\u043d\u0438\u044f \u0432 \u043f\u043e\u0434\u0432\u0430\u043b\u0430\u0445, \u043a\u0430\u043d\u0430\u043b\u0438\u0437\u0430\u0446\u0438\u0438 \u0438 \u043f\u0440\u0438\u0434\u043e\u043c\u043e\u0432\u044b\u0445 \u0442\u0435\u0440\u0440\u0438\u0442\u043e\u0440\u0438\u044f\u0445. \u041e\u0447\u0435\u043d\u044c \u043f\u0440\u0438\u0432\u043b\u0435\u043a\u0430\u0442\u0435\u043b\u044c\u043d\u043e.<\/p>\n<p>\u041f\u0440\u043e\u0438\u0437\u0432\u043e\u0434\u0438\u0442\u0435\u043b\u044c: Unichem doo \u0421\u043b\u043e\u0432\u0435\u043d\u0438\u044f<br \/>\n\u0423\u043f\u0430\u043a\u043e\u0432\u043a\u0430: 150 \u0433\u0440 (20 \u0448\u0442\/\u043e\u0442\u0440\u0435\u0437\u043a\u0430)<br \/>\n\u0421\u043a\u043e\u0440\u043e\u0441\u0442\u044c \u0438\u0441\u043f\u043e\u043b\u044c\u0437\u043e\u0432\u0430\u043d\u0438\u044f: 1-4 \u0433\/\u043c<sup>2<\/sup><\/p>","protected":false},"excerpt":{"rendered":"<p>Glodacid Plus blocuri de parafin\u0103 un rodenticid eficient cu cea mai larg\u0103 gam\u0103 de aplica\u021bii, eficient, de asemenea, \u00een zonele umede. Potrivit pentru utilizare \u00een subsoluri canale colectoare \u0219i a&hellip;<\/p>","protected":false},"featured_media":2288,"comment_status":"open","ping_status":"closed","template":"","meta":{"om_disable_all_campaigns":false,"_monsterinsights_skip_tracking":false,"_monsterinsights_sitenote_active":false,"_monsterinsights_sitenote_note":"","_monsterinsights_sitenote_category":0},"product_brand":[],"product_cat":[76,59],"product_tag":[],"class_list":{"0":"post-2189","1":"product","2":"type-product","3":"status-publish","4":"has-post-thumbnail","6":"product_cat-daunatori","7":"product_cat-soareci-si-sobolani","9":"first","10":"instock","11":"shipping-taxable","12":"purchasable","13":"product-type-simple"},"aioseo_notices":[],"_links":{"self":[{"href":"https:\/\/insectprotect.md\/ru\/wp-json\/wp\/v2\/product\/2189","targetHints":{"allow":["GET"]}}],"collection":[{"href":"https:\/\/insectprotect.md\/ru\/wp-json\/wp\/v2\/product"}],"about":[{"href":"https:\/\/insectprotect.md\/ru\/wp-json\/wp\/v2\/types\/product"}],"replies":[{"embeddable":true,"href":"https:\/\/insectprotect.md\/ru\/wp-json\/wp\/v2\/comments?post=2189"}],"version-history":[{"count":1,"href":"https:\/\/insectprotect.md\/ru\/wp-json\/wp\/v2\/product\/2189\/revisions"}],"predecessor-version":[{"id":2190,"href":"https:\/\/insectprotect.md\/ru\/wp-json\/wp\/v2\/product\/2189\/revisions\/2190"}],"wp:featuredmedia":[{"embeddable":true,"href":"https:\/\/insectprotect.md\/ru\/wp-json\/wp\/v2\/media\/2288"}],"wp:attachment":[{"href":"https:\/\/insectprotect.md\/ru\/wp-json\/wp\/v2\/media?parent=2189"}],"wp:term":[{"taxonomy":"product_brand","embeddable":true,"href":"https:\/\/insectprotect.md\/ru\/wp-json\/wp\/v2\/product_brand?post=2189"},{"taxonomy":"product_cat","embeddable":true,"href":"https:\/\/insectprotect.md\/ru\/wp-json\/wp\/v2\/product_cat?post=2189"},{"taxonomy":"product_tag","embeddable":true,"href":"https:\/\/insectprotect.md\/ru\/wp-json\/wp\/v2\/product_tag?post=2189"}],"curies":[{"name":"wp","href":"https:\/\/api.w.org\/{rel}","templated":true}]}}