{"id":2173,"date":"2024-10-14T22:24:36","date_gmt":"2024-10-14T19:24:36","guid":{"rendered":"https:\/\/insectprotect.md\/?post_type=product&#038;p=2173"},"modified":"2024-10-16T08:38:18","modified_gmt":"2024-10-16T05:38:18","slug":"ratimor-granule-200-gr-10-kg","status":"publish","type":"product","link":"https:\/\/insectprotect.md\/ru\/product\/ratimor-granule-200-gr-10-kg\/","title":{"rendered":"\u0420\u0430\u0442\u0438\u043c\u043e\u0440 \u0433\u0440\u0430\u043d\u0443\u043b\u044b 200 \u0433\u0440\/10 \u043a\u0433"},"content":{"rendered":"<p>\u0413\u0440\u0430\u043d\u0443\u043b\u044b \u0420\u0430\u0442\u0438\u043c\u043e\u0440 \u041f\u043b\u044e\u0441 \u2013 \u0440\u043e\u0434\u0435\u043d\u0442\u0438\u0446\u0438\u0434 \u0432 \u0444\u043e\u0440\u043c\u0435 \u0433\u0440\u0430\u043d\u0443\u043b \u0441 \u0430\u043a\u0442\u0438\u0432\u043d\u044b\u043c \u0432\u0435\u0449\u0435\u0441\u0442\u0432\u043e\u043c \u0431\u0440\u043e\u043c\u0430\u0434\u0438\u043e\u043b\u043e\u043d, \u043f\u0440\u0435\u0434\u043d\u0430\u0437\u043d\u0430\u0447\u0435\u043d\u043d\u044b\u0439 \u0434\u043b\u044f \u0431\u043e\u0440\u044c\u0431\u044b \u0441 \u043a\u0440\u044b\u0441\u0430\u043c\u0438, \u043c\u044b\u0448\u0430\u043c\u0438 \u0438 \u0434\u0440\u0443\u0433\u0438\u043c\u0438 \u043c\u0435\u043b\u043a\u0438\u043c\u0438 \u0433\u0440\u044b\u0437\u0443\u043d\u0430\u043c\u0438 \u0432 \u0437\u0430\u043a\u0440\u044b\u0442\u044b\u0445 \u0437\u0434\u0430\u043d\u0438\u044f\u0445 \u0438\u043b\u0438 \u0432 \u043d\u0435\u043f\u043e\u0441\u0440\u0435\u0434\u0441\u0442\u0432\u0435\u043d\u043d\u043e\u0439 \u0431\u043b\u0438\u0437\u043e\u0441\u0442\u0438 \u043e\u0442 \u043d\u0438\u0445, \u043d\u0430\u043f\u0440\u0438\u043c\u0435\u0440 \u043a\u043e\u0442\u0442\u0435\u0434\u0436\u0430\u0445, \u0441\u0430\u0440\u0430\u044f\u0445, \u0436\u0438\u043b\u044b\u0445 \u043f\u043e\u043c\u0435\u0449\u0435\u043d\u0438\u044f\u0445, \u043f\u043e\u0434\u0432\u0430\u043b\u0430\u0445, \u043f\u043e\u043b\u0430\u0445, \u0438 \u0442. \u0434.<\/p>\n<p>\u041f\u0440\u043e\u0438\u0437\u0432\u043e\u0434\u0438\u0442\u0435\u043b\u044c: Unichem doo \u0421\u043b\u043e\u0432\u0435\u043d\u0438\u044f<br \/>\n\u0423\u043f\u0430\u043a\u043e\u0432\u043a\u0430: 200 \u0433\u0440 (50 \u0448\u0442\/\u043f\u0430\u043a\u0435\u0442)<br \/>\n\u0420\u0430\u0441\u0445\u043e\u0434: 20 \u0433\/\u043c.<sup>2<\/sup><br \/>\n\u0421\u043f\u043e\u0441\u043e\u0431 \u043f\u0440\u0438\u043c\u0435\u043d\u0435\u043d\u0438\u044f: \u041e\u0442 20 \u0433\u0440\/200 \u0433\u0440 \u043d\u0430 \u043e\u0434\u043d\u0443 \u0441\u0442\u0430\u043d\u0446\u0438\u044e.<\/p>","protected":false},"excerpt":{"rendered":"<p>Granule Ratimor Plus este un rodenticid sub form\u0103 de granule cu substan\u021ba activ\u0103 bromadiolon destinat combaterii \u0219obolanilor, \u0219oarecilor \u0219i altor roz\u0103toare mici din cl\u0103dirile \u00eenchise sau \u00een imediata apropiere a&hellip;<\/p>","protected":false},"featured_media":2285,"comment_status":"open","ping_status":"closed","template":"","meta":{"om_disable_all_campaigns":false,"_monsterinsights_skip_tracking":false,"_monsterinsights_sitenote_active":false,"_monsterinsights_sitenote_note":"","_monsterinsights_sitenote_category":0},"product_brand":[],"product_cat":[76,59],"product_tag":[],"class_list":{"0":"post-2173","1":"product","2":"type-product","3":"status-publish","4":"has-post-thumbnail","6":"product_cat-daunatori","7":"product_cat-soareci-si-sobolani","9":"first","10":"instock","11":"shipping-taxable","12":"purchasable","13":"product-type-simple"},"aioseo_notices":[],"_links":{"self":[{"href":"https:\/\/insectprotect.md\/ru\/wp-json\/wp\/v2\/product\/2173","targetHints":{"allow":["GET"]}}],"collection":[{"href":"https:\/\/insectprotect.md\/ru\/wp-json\/wp\/v2\/product"}],"about":[{"href":"https:\/\/insectprotect.md\/ru\/wp-json\/wp\/v2\/types\/product"}],"replies":[{"embeddable":true,"href":"https:\/\/insectprotect.md\/ru\/wp-json\/wp\/v2\/comments?post=2173"}],"version-history":[{"count":1,"href":"https:\/\/insectprotect.md\/ru\/wp-json\/wp\/v2\/product\/2173\/revisions"}],"predecessor-version":[{"id":2174,"href":"https:\/\/insectprotect.md\/ru\/wp-json\/wp\/v2\/product\/2173\/revisions\/2174"}],"wp:featuredmedia":[{"embeddable":true,"href":"https:\/\/insectprotect.md\/ru\/wp-json\/wp\/v2\/media\/2285"}],"wp:attachment":[{"href":"https:\/\/insectprotect.md\/ru\/wp-json\/wp\/v2\/media?parent=2173"}],"wp:term":[{"taxonomy":"product_brand","embeddable":true,"href":"https:\/\/insectprotect.md\/ru\/wp-json\/wp\/v2\/product_brand?post=2173"},{"taxonomy":"product_cat","embeddable":true,"href":"https:\/\/insectprotect.md\/ru\/wp-json\/wp\/v2\/product_cat?post=2173"},{"taxonomy":"product_tag","embeddable":true,"href":"https:\/\/insectprotect.md\/ru\/wp-json\/wp\/v2\/product_tag?post=2173"}],"curies":[{"name":"wp","href":"https:\/\/api.w.org\/{rel}","templated":true}]}}