{"id":2164,"date":"2024-10-14T22:05:59","date_gmt":"2024-10-14T19:05:59","guid":{"rendered":"https:\/\/insectprotect.md\/?post_type=product&#038;p=2164"},"modified":"2025-04-01T16:32:16","modified_gmt":"2025-04-01T13:32:16","slug":"effect-microtech-cs-insecticid-special","status":"publish","type":"product","link":"https:\/\/insectprotect.md\/ru\/product\/effect-microtech-cs-insecticid-special\/","title":{"rendered":"\u042d\u0444\u0444\u0435\u043a\u0442 \u0421\u043f\u0435\u0446\u0438\u0430\u043b\u044c\u043d\u044b\u0439 \u0438\u043d\u0441\u0435\u043a\u0442\u0438\u0446\u0438\u0434 Microtech CS"},"content":{"rendered":"<p>\u042d\u0444\u0444\u0435\u043a\u0442 \u0421\u043f\u0435\u0446\u0438\u0430\u043b\u044c\u043d\u044b\u0439 \u0438\u043d\u0441\u0435\u043a\u0442\u0438\u0446\u0438\u0434 Microtech CS \u043e\u0431\u043b\u0430\u0434\u0430\u0435\u0442 \u0434\u043b\u0438\u0442\u0435\u043b\u044c\u043d\u043e\u0439 \u044d\u0444\u0444\u0435\u043a\u0442\u0438\u0432\u043d\u043e\u0441\u0442\u044c\u044e \u0434\u043e 6 \u043c\u0435\u0441\u044f\u0446\u0435\u0432 \u0437\u0430 \u0441\u0447\u0435\u0442 \u043c\u0438\u043a\u0440\u043e\u043a\u0430\u043f\u0441\u0443\u043b \u043c\u0435\u0434\u043b\u0435\u043d\u043d\u043e\u0433\u043e \u0432\u044b\u0441\u0432\u043e\u0431\u043e\u0436\u0434\u0435\u043d\u0438\u044f \u0438 \u0442\u043e\u0433\u043e, \u0447\u0442\u043e \u043e\u043d\u0438 \u043e\u0441\u0442\u0430\u044e\u0442\u0441\u044f \u043f\u0440\u0438\u043a\u0440\u0435\u043f\u043b\u0435\u043d\u043d\u044b\u043c\u0438 \u043a \u0432\u0440\u0435\u0434\u0438\u0442\u0435\u043b\u044e.<\/p>\n<p>\u041f\u0440\u043e\u0438\u0437\u0432\u043e\u0434\u0438\u0442\u0435\u043b\u044c: Unichem doo \u0421\u043b\u043e\u0432\u0435\u043d\u0438\u044f<br \/>\n\u0423\u043f\u0430\u043a\u043e\u0432\u043a\u0430: 100 \u043c\u043b (20 \u0448\u0442\/\u043a\u043e\u0440\u043e\u0431\u043a\u0430)<br \/>\n\u041d\u043e\u0440\u043c\u0430 \u0438\u0441\u043f\u043e\u043b\u044c\u0437\u043e\u0432\u0430\u043d\u0438\u044f: 25 \u043c\u043b-100 \u043c\u043b\/100 \u043c.<sup>2<\/sup><br \/>\n\u0421\u043f\u043e\u0441\u043e\u0431 \u043f\u0440\u0438\u043c\u0435\u043d\u0435\u043d\u0438\u044f: \u0414\u043b\u044f \u0431\u043e\u0440\u044c\u0431\u044b \u0441 \u0431\u043e\u043b\u044c\u0448\u0438\u043c\u0438 \u043f\u043e\u043f\u0443\u043b\u044f\u0446\u0438\u044f\u043c\u0438 \u0432\u0440\u0435\u0434\u0438\u0442\u0435\u043b\u0435\u0439 \u043d\u0430 \u0433\u043b\u0430\u0434\u043a\u0438\u0445 \u043f\u043e\u0432\u0435\u0440\u0445\u043d\u043e\u0441\u0442\u044f\u0445 (\u0434\u0435\u0440\u0435\u0432\u043e, \u0441\u0442\u0435\u043a\u043b\u043e, \u043a\u0435\u0440\u0430\u043c\u0438\u043a\u0430) \u0440\u0430\u0437\u0432\u0435\u0434\u0438\u0442\u0435 \u0441\u0440\u0435\u0434\u0441\u0442\u0432\u043e 100 \u043c\u043b \u0438\u043d\u0441\u0435\u043a\u0442\u0438\u0446\u0438\u0434\u0430 \u0432 5 \u043b \u0432\u043e\u0434\u044b. \u0420\u0430\u0441\u0442\u0432\u043e\u0440 \u043d\u0430\u043d\u0435\u0441\u0435\u043d \u043d\u0430 \u043f\u043b\u043e\u0449\u0430\u0434\u0438 100 \u043c\u00b2.<\/p>","protected":false},"excerpt":{"rendered":"<p>Effect Microtech CS insecticid special are o eficacitate pe termen lung, de p\u00e2n\u0103 la 6 luni datorit\u0103 microcapsulelor cu eliberare lent\u0103 \u0219i a faptului c\u0103 acestea r\u0103m\u00e2n lipite de d\u0103un\u0103tor.&hellip;<\/p>","protected":false},"featured_media":2282,"comment_status":"open","ping_status":"closed","template":"","meta":{"om_disable_all_campaigns":false,"_monsterinsights_skip_tracking":false,"_monsterinsights_sitenote_active":false,"_monsterinsights_sitenote_note":"","_monsterinsights_sitenote_category":0},"product_brand":[],"product_cat":[76,63,82,60,58,81,62],"product_tag":[],"class_list":{"0":"post-2164","1":"product","2":"type-product","3":"status-publish","4":"has-post-thumbnail","6":"product_cat-daunatori","7":"product_cat-gindaci","8":"product_cat-furnici","9":"product_cat-insecte","10":"product_cat-muste","11":"product_cat-purici","12":"product_cat-tintari","14":"first","15":"instock","16":"shipping-taxable","17":"purchasable","18":"product-type-simple"},"aioseo_notices":[],"_links":{"self":[{"href":"https:\/\/insectprotect.md\/ru\/wp-json\/wp\/v2\/product\/2164","targetHints":{"allow":["GET"]}}],"collection":[{"href":"https:\/\/insectprotect.md\/ru\/wp-json\/wp\/v2\/product"}],"about":[{"href":"https:\/\/insectprotect.md\/ru\/wp-json\/wp\/v2\/types\/product"}],"replies":[{"embeddable":true,"href":"https:\/\/insectprotect.md\/ru\/wp-json\/wp\/v2\/comments?post=2164"}],"version-history":[{"count":1,"href":"https:\/\/insectprotect.md\/ru\/wp-json\/wp\/v2\/product\/2164\/revisions"}],"predecessor-version":[{"id":2165,"href":"https:\/\/insectprotect.md\/ru\/wp-json\/wp\/v2\/product\/2164\/revisions\/2165"}],"wp:featuredmedia":[{"embeddable":true,"href":"https:\/\/insectprotect.md\/ru\/wp-json\/wp\/v2\/media\/2282"}],"wp:attachment":[{"href":"https:\/\/insectprotect.md\/ru\/wp-json\/wp\/v2\/media?parent=2164"}],"wp:term":[{"taxonomy":"product_brand","embeddable":true,"href":"https:\/\/insectprotect.md\/ru\/wp-json\/wp\/v2\/product_brand?post=2164"},{"taxonomy":"product_cat","embeddable":true,"href":"https:\/\/insectprotect.md\/ru\/wp-json\/wp\/v2\/product_cat?post=2164"},{"taxonomy":"product_tag","embeddable":true,"href":"https:\/\/insectprotect.md\/ru\/wp-json\/wp\/v2\/product_tag?post=2164"}],"curies":[{"name":"wp","href":"https:\/\/api.w.org\/{rel}","templated":true}]}}